{"id":2587,"date":"2024-09-15T14:59:19","date_gmt":"2024-09-15T14:59:19","guid":{"rendered":"https:\/\/wordpress-575941-4349976.cloudwaysapps.com\/?page_id=2587"},"modified":"2024-09-15T15:05:17","modified_gmt":"2024-09-15T15:05:17","slug":"uslovi-koristenja","status":"publish","type":"page","link":"https:\/\/ortosar.ba\/en\/uslovi-koristenja\/","title":{"rendered":"Terms of use"},"content":{"rendered":"<div data-elementor-type=\"wp-page\" data-elementor-id=\"2587\" class=\"elementor elementor-2587\">\n\t\t\t\t<div class=\"elementor-element elementor-element-7eb10ad0 e-flex e-con-boxed wpr-particle-no wpr-jarallax-no wpr-parallax-no wpr-sticky-section-no e-con e-parent\" data-id=\"7eb10ad0\" data-element_type=\"container\">\n\t\t\t\t\t<div class=\"e-con-inner\">\n\t\t\t\t<div class=\"elementor-element elementor-element-568ed73 elementor-widget elementor-widget-heading\" data-id=\"568ed73\" data-element_type=\"widget\" data-widget_type=\"heading.default\">\n\t\t\t\t<div class=\"elementor-widget-container\">\n\t\t\t<h2 class=\"elementor-heading-title elementor-size-default\">Terms of use<\/h2>\t\t<\/div>\n\t\t\t\t<\/div>\n\t\t\t\t<div class=\"elementor-element elementor-element-3f9c548b elementor-widget elementor-widget-text-editor\" data-id=\"3f9c548b\" data-element_type=\"widget\" data-widget_type=\"text-editor.default\">\n\t\t\t\t<div class=\"elementor-widget-container\">\n\t\t\t\t\t\t\t<!-- wp:paragraph -->\n<p>By using any part of the OrtoSar.ba site and all its parts, you automatically accept all the rules of use. Users are obliged to regularly read the rules of use, and it is considered that users, by continuously using the OrtoSar.ba site or any part of it, are familiar with the current rules of use at all times, and that they have understood them in their entirety.<\/p>\n<!-- \/wp:paragraph -->\n\n<!-- wp:paragraph -->\n<p>No part of OrtoSar.ba may be used for illegal purposes or to promote them.<\/p>\n<!-- \/wp:paragraph -->\n\n<!-- wp:paragraph -->\n<p>OrtoSar.ba ensures visitors the use of OrtoSar.ba content. All visitors have the right to use the contents of OrtoSar.ba free of charge if they do not violate the rules of use.<\/p>\n<!-- \/wp:paragraph -->\n\n<!-- wp:paragraph -->\n<p>OrtoSar.ba consists of its own content, content from partners and advertisers, free content, and links to external sites.<\/p>\n<!-- \/wp:paragraph -->\n\n<!-- wp:paragraph -->\n<p>OrtoSar.ba publishes its contents in good faith. You use all the contents of OrtoSar.ba at your own risk and OrtoSar.ba cannot be held responsible for any damage caused by using them.<\/p>\n<!-- \/wp:paragraph -->\n\n<!-- wp:paragraph -->\n<p>Access to OrtoSar.ba and all its contents is permitted to persons of any age, unless otherwise indicated.<\/p>\n<!-- \/wp:paragraph -->\n\n<!-- wp:paragraph -->\n<p><strong>Copyright<\/strong><\/p>\n<!-- \/wp:paragraph -->\n\n<!-- wp:paragraph -->\n<p>OrtoSar.ba claims all its own content (textual, visual and audio materials, databases and programming code). Unauthorized use of any part of the portal is considered a violation of OrtoSar.ba's copyright and is subject to legal action. Unauthorized use of any part of the portal without the permission of the copyright owner (OrtoSar.ba, partners, users...) is considered a copyright violation and is subject to legal action.<\/p>\n<!-- \/wp:paragraph -->\n\n<!-- wp:paragraph -->\n<p>If you believe that OrtoSar.ba has violated your copyright, the case will be immediately reviewed, and the disputed content will be removed immediately after the truth of the content of the complaint has been established.<\/p>\n<!-- \/wp:paragraph -->\n\n<!-- wp:paragraph -->\n<p>Links to external pages OrtoSar.ba contains links to websites outside its own site. OrtoSar.ba publishes links in good faith and cannot be held responsible for content outside the portal.<\/p>\n<!-- \/wp:paragraph -->\n\n<!-- wp:paragraph -->\n<p><strong>Privacy protection<\/strong><\/p>\n<!-- \/wp:paragraph -->\n\n<!-- wp:paragraph -->\n<p>OrtoSar.ba protects user privacy to the greatest extent possible.<\/p>\n<!-- \/wp:paragraph -->\n\n<!-- wp:paragraph -->\n<p>OrtoSar.ba undertakes to use data obtained from users during the use of the portal in good faith, and not to distribute or sell private data to third parties, except with the user's permission. In accordance with the law, OrtoSar.ba may collect certain user data obtained during the use of the portal (exclusively computer data and Internet provider data) or data entered during the registration process.<\/p>\n<!-- \/wp:paragraph -->\n\n<!-- wp:paragraph -->\n<p>OrtoSar.ba uses this data in order to have information about users who use it, and thus improve the service and further direct and adapt its contents to the audience that visits it. Based on this data, we find out which contents are the most popular among which audience.<\/p>\n<!-- \/wp:paragraph -->\n\n<!-- wp:paragraph -->\n<p>Data collection of this type in this or larger volume is common, and it is also used by world-famous web sites such as MSN, Google, etc. OrtoSar undertakes not to sell or distribute collected private data such as e-mail address, name and surname without the permission of each individual user, except for demographic data for a group of users without disclosing private data.<\/p>\n<!-- \/wp:paragraph -->\n\n<!-- wp:paragraph -->\n<p>OrtoSar.ba undertakes to protect the privacy of users of the portal, except in the case of a serious violation of OrtoSar.ba's rules or illegal activities of users.<\/p>\n<!-- \/wp:paragraph -->\n\n<!-- wp:paragraph -->\n<p>Messages from OrtoSar.ba and sponsors OrtoSar.ba can periodically send messages from OrtoSar.ba and sponsors to its users.<\/p>\n<!-- \/wp:paragraph -->\n\n<!-- wp:paragraph -->\n<p>Changing the rules OrtoSar.ba reserves the right to occasionally change or modify the rules without notice. OrtoSar.ba can inform users about important changes and additions by email or by publishing them on the site.<\/p>\n<!-- \/wp:paragraph -->\t\t\t\t\t\t<\/div>\n\t\t\t\t<\/div>\n\t\t\t\t\t<\/div>\n\t\t\t\t<\/div>\n\t\t\t\t<\/div>","protected":false},"excerpt":{"rendered":"<p>Uslovi kori\u0161tenja Kori\u0161tenjem bilo kojeg dijela OrtoSar.ba sajta i svih njegovih dijelova automatski prihvatate sva pravila kori\u0161tenja.&nbsp;Korisnici su du\u017eni redovno \u010ditati pravila kori\u0161tenja, te se smatra da su korisnici kontinuiranim kori\u0161tenjem sajta OrtoSar.ba ili bilo kojeg njegovog dijela, u svakom trenutku upoznati s aktuelnim pravilima kori\u0161tenja, te da su ih razumjeli u cijelosti. Niti jedan dio OrtoSar.ba ne smije se koristiti u nezakonite svrhe niti za promoviranje istih. OrtoSar.ba posjetiocima osigurava kori\u0161tenje sadr\u017eaja OrtoSar.ba.&nbsp;Svi posjetioci imaju pravo besplatno koristiti sadr\u017eaje OrtoSar.ba ukoliko ne kr\u0161e pravila kori\u0161tenja. OrtoSar.ba sastoji se od vlastitih sadr\u017eaja, sadr\u017eaja partnera i ogla\u0161iva\u010da, besplatnih sadr\u017eaja, te linkova na vanjske stranice. OrtoSar.ba sadr\u017eaje objavljuje u dobroj namjeri. Sve sadr\u017eaje OrtoSar.ba koristite na vlastitu odgovornost i OrtoSar.ba ne mo\u017ee se smatrati odgovornim za bilo kakvu \u0161tetu nastalu kori\u0161tenjem istih. Pristup OrtoSar.ba i svim njegovim sadr\u017eajima dozvoljen je osobama bilo koje dobi, osim ako je nazna\u010deno druga\u010dije. Autorska prava OrtoSar.ba pola\u017ee na sve vlastite sadr\u017eaje (tekstualne, vizalne i audio materijale, baze podataka i programerski kod). Neovla\u0161teno kori\u0161tenje bilo kojeg dijela portala smatra se kr\u0161enjem autorskih prava OrtoSar.ba i podlo\u017eno je tu\u017ebi. Neovla\u0161teno kori\u0161tenje bilo kojeg dijela portala bez dozvole vlasnika autorskih prava (OrtoSar.ba, partneri, korisnici&#8230;) smatra se kr\u0161enjem autorskih prava i podlo\u017eno je tu\u017ebi. Ukoliko smatrate da je OrtoSar.ba povrijedio Va\u0161a autorska prava, slu\u010daj \u0107e biti odmah razmotren, a sporni sadr\u017eaji \u0107e biti uklonjeni odmah po eventualnom ustanovljavanju istinitosti sadr\u017eaja \u017ealbe. Linkovi na vanjske stranice OrtoSar.ba sadr\u017ei linkove na web stranice izvan vlastitog sajta. OrtoSar.ba linkove objavljuje u dobroj namjeri i ne mo\u017ee se smatrati odgovornim za sadr\u017eaje izvan portala. Za\u0161tita privatnosti OrtoSar.ba \u0161titi privatnost korisnika u najve\u0107oj mogu\u0107oj mjeri. OrtoSar.ba se obavezuje da \u0107e u dobroj namjeri koristiti podatke dobijene od korisnika tokom kori\u0161tenja portala, te da privatne podatke ne\u0107e distribuirati niti prodavati tre\u0107oj strani, osim uz dozvolu korisnika. OrtoSar.ba mo\u017ee u skladu sa zakonom prikupljati odre\u0111ene podatke o korisnicima dobijene tokom kori\u0161tenja portala (isklju\u010divo podaci o ra\u010dunaru i podaci o Internet provideru) ili podatke une\u0161ene u postupku registracije. Ove podatke OrtoSar.ba koristi kako bi imao informacije o korisnicima koji ga koriste, te na taj na\u010din pobolj\u0161ao servis i njegove sadr\u017eaje dodatno usmjerio i prilagodio publici koja ga posje\u0107uje. Na temelju tih podataka saznajemo koji su sadr\u017eaji najpopularniji me\u0111u kojom publikom. Prikupljanje podataka ovog tipa u ovom ili ve\u0107em obimu uobi\u010dajeno je, i njime se koriste i poznati svjetski web siteovi poput MSN-a, Googlea itd. OrtoSar obavezuje se da prikupljene privatne podatke poput e-mail adrese, imena i prezimena ne\u0107e bez dozvole svakog pojedina\u010dnog korisnika prodavati niti distribuirati, osim demografskih podataka za skupinu korisnika bez odavanja privatnih podataka. OrtoSar.ba se obavezuje da \u0107e \u010duvati privatnost korisnika portala, osim u slu\u010daju te\u0161kog kr\u0161enja pravila OrtoSar.ba ili nezakonitih aktivnosti korisnika. Poruke OrtoSar.ba i sponzora OrtoSar.ba svojim korisnicima mo\u017ee povremeno poslati obavijesti OrtoSar.ba i sponzora. Promjena pravila OrtoSar.ba zadr\u017eava pravo da bez najave povremeno promijeni ili modificira pravila.&nbsp;O va\u017enim promjenama i dopunama OrtoSar.ba mo\u017ee obavijestiti korisnike putem maila ili objavljivanjem na sajtu.<\/p>","protected":false},"author":1,"featured_media":0,"parent":0,"menu_order":0,"comment_status":"closed","ping_status":"closed","template":"elementor_canvas","meta":{"site-sidebar-layout":"default","site-content-layout":"","ast-site-content-layout":"","site-content-style":"default","site-sidebar-style":"default","ast-global-header-display":"","ast-banner-title-visibility":"","ast-main-header-display":"","ast-hfb-above-header-display":"","ast-hfb-below-header-display":"","ast-hfb-mobile-header-display":"","site-post-title":"","ast-breadcrumbs-content":"","ast-featured-img":"","footer-sml-layout":"","theme-transparent-header-meta":"","adv-header-id-meta":"","stick-header-meta":"","header-above-stick-meta":"","header-main-stick-meta":"","header-below-stick-meta":"","astra-migrate-meta-layouts":"default","ast-page-background-enabled":"default","ast-page-background-meta":{"desktop":{"background-color":"var(--ast-global-color-4)","background-image":"","background-repeat":"repeat","background-position":"center center","background-size":"auto","background-attachment":"scroll","background-type":"","background-media":"","overlay-type":"","overlay-color":"","overlay-gradient":""},"tablet":{"background-color":"","background-image":"","background-repeat":"repeat","background-position":"center center","background-size":"auto","background-attachment":"scroll","background-type":"","background-media":"","overlay-type":"","overlay-color":"","overlay-gradient":""},"mobile":{"background-color":"","background-image":"","background-repeat":"repeat","background-position":"center center","background-size":"auto","background-attachment":"scroll","background-type":"","background-media":"","overlay-type":"","overlay-color":"","overlay-gradient":""}},"ast-content-background-meta":{"desktop":{"background-color":"var(--ast-global-color-5)","background-image":"","background-repeat":"repeat","background-position":"center center","background-size":"auto","background-attachment":"scroll","background-type":"","background-media":"","overlay-type":"","overlay-color":"","overlay-gradient":""},"tablet":{"background-color":"var(--ast-global-color-5)","background-image":"","background-repeat":"repeat","background-position":"center center","background-size":"auto","background-attachment":"scroll","background-type":"","background-media":"","overlay-type":"","overlay-color":"","overlay-gradient":""},"mobile":{"background-color":"var(--ast-global-color-5)","background-image":"","background-repeat":"repeat","background-position":"center center","background-size":"auto","background-attachment":"scroll","background-type":"","background-media":"","overlay-type":"","overlay-color":"","overlay-gradient":""}},"footnotes":""},"class_list":["post-2587","page","type-page","status-publish","hentry"],"yoast_head":"<!-- This site is optimized with the Yoast SEO plugin v23.6 - https:\/\/yoast.com\/wordpress\/plugins\/seo\/ -->\n<title>Uslovi kori\u0161tenja - Ortosar<\/title>\n<meta name=\"robots\" content=\"index, follow, max-snippet:-1, max-image-preview:large, max-video-preview:-1\" \/>\n<link rel=\"canonical\" href=\"https:\/\/ortosar.ba\/en\/uslovi-koristenja\/\" \/>\n<meta property=\"og:locale\" content=\"en_US\" \/>\n<meta property=\"og:type\" content=\"article\" \/>\n<meta property=\"og:title\" content=\"Uslovi kori\u0161tenja - Ortosar\" \/>\n<meta property=\"og:description\" content=\"Uslovi kori\u0161tenja Kori\u0161tenjem bilo kojeg dijela OrtoSar.ba sajta i svih njegovih dijelova automatski prihvatate sva pravila kori\u0161tenja.&nbsp;Korisnici su du\u017eni redovno \u010ditati pravila kori\u0161tenja, te se smatra da su korisnici kontinuiranim kori\u0161tenjem sajta OrtoSar.ba ili bilo kojeg njegovog dijela, u svakom trenutku upoznati s aktuelnim pravilima kori\u0161tenja, te da su ih razumjeli u cijelosti. Niti jedan dio OrtoSar.ba ne smije se koristiti u nezakonite svrhe niti za promoviranje istih. OrtoSar.ba posjetiocima osigurava kori\u0161tenje sadr\u017eaja OrtoSar.ba.&nbsp;Svi posjetioci imaju pravo besplatno koristiti sadr\u017eaje OrtoSar.ba ukoliko ne kr\u0161e pravila kori\u0161tenja. OrtoSar.ba sastoji se od vlastitih sadr\u017eaja, sadr\u017eaja partnera i ogla\u0161iva\u010da, besplatnih sadr\u017eaja, te linkova na vanjske stranice. OrtoSar.ba sadr\u017eaje objavljuje u dobroj namjeri. Sve sadr\u017eaje OrtoSar.ba koristite na vlastitu odgovornost i OrtoSar.ba ne mo\u017ee se smatrati odgovornim za bilo kakvu \u0161tetu nastalu kori\u0161tenjem istih. Pristup OrtoSar.ba i svim njegovim sadr\u017eajima dozvoljen je osobama bilo koje dobi, osim ako je nazna\u010deno druga\u010dije. Autorska prava OrtoSar.ba pola\u017ee na sve vlastite sadr\u017eaje (tekstualne, vizalne i audio materijale, baze podataka i programerski kod). Neovla\u0161teno kori\u0161tenje bilo kojeg dijela portala smatra se kr\u0161enjem autorskih prava OrtoSar.ba i podlo\u017eno je tu\u017ebi. Neovla\u0161teno kori\u0161tenje bilo kojeg dijela portala bez dozvole vlasnika autorskih prava (OrtoSar.ba, partneri, korisnici&#8230;) smatra se kr\u0161enjem autorskih prava i podlo\u017eno je tu\u017ebi. Ukoliko smatrate da je OrtoSar.ba povrijedio Va\u0161a autorska prava, slu\u010daj \u0107e biti odmah razmotren, a sporni sadr\u017eaji \u0107e biti uklonjeni odmah po eventualnom ustanovljavanju istinitosti sadr\u017eaja \u017ealbe. Linkovi na vanjske stranice OrtoSar.ba sadr\u017ei linkove na web stranice izvan vlastitog sajta. OrtoSar.ba linkove objavljuje u dobroj namjeri i ne mo\u017ee se smatrati odgovornim za sadr\u017eaje izvan portala. Za\u0161tita privatnosti OrtoSar.ba \u0161titi privatnost korisnika u najve\u0107oj mogu\u0107oj mjeri. OrtoSar.ba se obavezuje da \u0107e u dobroj namjeri koristiti podatke dobijene od korisnika tokom kori\u0161tenja portala, te da privatne podatke ne\u0107e distribuirati niti prodavati tre\u0107oj strani, osim uz dozvolu korisnika. OrtoSar.ba mo\u017ee u skladu sa zakonom prikupljati odre\u0111ene podatke o korisnicima dobijene tokom kori\u0161tenja portala (isklju\u010divo podaci o ra\u010dunaru i podaci o Internet provideru) ili podatke une\u0161ene u postupku registracije. Ove podatke OrtoSar.ba koristi kako bi imao informacije o korisnicima koji ga koriste, te na taj na\u010din pobolj\u0161ao servis i njegove sadr\u017eaje dodatno usmjerio i prilagodio publici koja ga posje\u0107uje. Na temelju tih podataka saznajemo koji su sadr\u017eaji najpopularniji me\u0111u kojom publikom. Prikupljanje podataka ovog tipa u ovom ili ve\u0107em obimu uobi\u010dajeno je, i njime se koriste i poznati svjetski web siteovi poput MSN-a, Googlea itd. OrtoSar obavezuje se da prikupljene privatne podatke poput e-mail adrese, imena i prezimena ne\u0107e bez dozvole svakog pojedina\u010dnog korisnika prodavati niti distribuirati, osim demografskih podataka za skupinu korisnika bez odavanja privatnih podataka. OrtoSar.ba se obavezuje da \u0107e \u010duvati privatnost korisnika portala, osim u slu\u010daju te\u0161kog kr\u0161enja pravila OrtoSar.ba ili nezakonitih aktivnosti korisnika. Poruke OrtoSar.ba i sponzora OrtoSar.ba svojim korisnicima mo\u017ee povremeno poslati obavijesti OrtoSar.ba i sponzora. Promjena pravila OrtoSar.ba zadr\u017eava pravo da bez najave povremeno promijeni ili modificira pravila.&nbsp;O va\u017enim promjenama i dopunama OrtoSar.ba mo\u017ee obavijestiti korisnike putem maila ili objavljivanjem na sajtu.\" \/>\n<meta property=\"og:url\" content=\"https:\/\/ortosar.ba\/en\/uslovi-koristenja\/\" \/>\n<meta property=\"og:site_name\" content=\"Ortosar\" \/>\n<meta property=\"article:modified_time\" content=\"2024-09-15T15:05:17+00:00\" \/>\n<meta name=\"twitter:card\" content=\"summary_large_image\" \/>\n<meta name=\"twitter:label1\" content=\"Est. reading time\" \/>\n\t<meta name=\"twitter:data1\" content=\"3 minutes\" \/>\n<script type=\"application\/ld+json\" class=\"yoast-schema-graph\">{\"@context\":\"https:\/\/schema.org\",\"@graph\":[{\"@type\":\"WebPage\",\"@id\":\"https:\/\/ortosar.ba\/uslovi-koristenja\/\",\"url\":\"https:\/\/ortosar.ba\/uslovi-koristenja\/\",\"name\":\"Uslovi kori\u0161tenja - Ortosar\",\"isPartOf\":{\"@id\":\"https:\/\/ortosar.ba\/#website\"},\"datePublished\":\"2024-09-15T14:59:19+00:00\",\"dateModified\":\"2024-09-15T15:05:17+00:00\",\"breadcrumb\":{\"@id\":\"https:\/\/ortosar.ba\/uslovi-koristenja\/#breadcrumb\"},\"inLanguage\":\"en-US\",\"potentialAction\":[{\"@type\":\"ReadAction\",\"target\":[\"https:\/\/ortosar.ba\/uslovi-koristenja\/\"]}]},{\"@type\":\"BreadcrumbList\",\"@id\":\"https:\/\/ortosar.ba\/uslovi-koristenja\/#breadcrumb\",\"itemListElement\":[{\"@type\":\"ListItem\",\"position\":1,\"name\":\"Home\",\"item\":\"https:\/\/ortosar.ba\/\"},{\"@type\":\"ListItem\",\"position\":2,\"name\":\"Uslovi kori\u0161tenja\"}]},{\"@type\":\"WebSite\",\"@id\":\"https:\/\/ortosar.ba\/#website\",\"url\":\"https:\/\/ortosar.ba\/\",\"name\":\"Ortosar\",\"description\":\"\",\"publisher\":{\"@id\":\"https:\/\/ortosar.ba\/#organization\"},\"potentialAction\":[{\"@type\":\"SearchAction\",\"target\":{\"@type\":\"EntryPoint\",\"urlTemplate\":\"https:\/\/ortosar.ba\/?s={search_term_string}\"},\"query-input\":{\"@type\":\"PropertyValueSpecification\",\"valueRequired\":true,\"valueName\":\"search_term_string\"}}],\"inLanguage\":\"en-US\"},{\"@type\":\"Organization\",\"@id\":\"https:\/\/ortosar.ba\/#organization\",\"name\":\"Ortosar\",\"url\":\"https:\/\/ortosar.ba\/\",\"logo\":{\"@type\":\"ImageObject\",\"inLanguage\":\"en-US\",\"@id\":\"https:\/\/ortosar.ba\/#\/schema\/logo\/image\/\",\"url\":\"https:\/\/ortosar.ba\/wp-content\/uploads\/2024\/03\/Ortosar-logo.png\",\"contentUrl\":\"https:\/\/ortosar.ba\/wp-content\/uploads\/2024\/03\/Ortosar-logo.png\",\"width\":260,\"height\":87,\"caption\":\"Ortosar\"},\"image\":{\"@id\":\"https:\/\/ortosar.ba\/#\/schema\/logo\/image\/\"}}]}<\/script>\n<!-- \/ Yoast SEO plugin. -->","yoast_head_json":{"title":"Uslovi kori\u0161tenja - Ortosar","robots":{"index":"index","follow":"follow","max-snippet":"max-snippet:-1","max-image-preview":"max-image-preview:large","max-video-preview":"max-video-preview:-1"},"canonical":"https:\/\/ortosar.ba\/en\/uslovi-koristenja\/","og_locale":"en_US","og_type":"article","og_title":"Uslovi kori\u0161tenja - Ortosar","og_description":"Uslovi kori\u0161tenja Kori\u0161tenjem bilo kojeg dijela OrtoSar.ba sajta i svih njegovih dijelova automatski prihvatate sva pravila kori\u0161tenja.&nbsp;Korisnici su du\u017eni redovno \u010ditati pravila kori\u0161tenja, te se smatra da su korisnici kontinuiranim kori\u0161tenjem sajta OrtoSar.ba ili bilo kojeg njegovog dijela, u svakom trenutku upoznati s aktuelnim pravilima kori\u0161tenja, te da su ih razumjeli u cijelosti. Niti jedan dio OrtoSar.ba ne smije se koristiti u nezakonite svrhe niti za promoviranje istih. OrtoSar.ba posjetiocima osigurava kori\u0161tenje sadr\u017eaja OrtoSar.ba.&nbsp;Svi posjetioci imaju pravo besplatno koristiti sadr\u017eaje OrtoSar.ba ukoliko ne kr\u0161e pravila kori\u0161tenja. OrtoSar.ba sastoji se od vlastitih sadr\u017eaja, sadr\u017eaja partnera i ogla\u0161iva\u010da, besplatnih sadr\u017eaja, te linkova na vanjske stranice. OrtoSar.ba sadr\u017eaje objavljuje u dobroj namjeri. Sve sadr\u017eaje OrtoSar.ba koristite na vlastitu odgovornost i OrtoSar.ba ne mo\u017ee se smatrati odgovornim za bilo kakvu \u0161tetu nastalu kori\u0161tenjem istih. Pristup OrtoSar.ba i svim njegovim sadr\u017eajima dozvoljen je osobama bilo koje dobi, osim ako je nazna\u010deno druga\u010dije. Autorska prava OrtoSar.ba pola\u017ee na sve vlastite sadr\u017eaje (tekstualne, vizalne i audio materijale, baze podataka i programerski kod). Neovla\u0161teno kori\u0161tenje bilo kojeg dijela portala smatra se kr\u0161enjem autorskih prava OrtoSar.ba i podlo\u017eno je tu\u017ebi. Neovla\u0161teno kori\u0161tenje bilo kojeg dijela portala bez dozvole vlasnika autorskih prava (OrtoSar.ba, partneri, korisnici&#8230;) smatra se kr\u0161enjem autorskih prava i podlo\u017eno je tu\u017ebi. Ukoliko smatrate da je OrtoSar.ba povrijedio Va\u0161a autorska prava, slu\u010daj \u0107e biti odmah razmotren, a sporni sadr\u017eaji \u0107e biti uklonjeni odmah po eventualnom ustanovljavanju istinitosti sadr\u017eaja \u017ealbe. Linkovi na vanjske stranice OrtoSar.ba sadr\u017ei linkove na web stranice izvan vlastitog sajta. OrtoSar.ba linkove objavljuje u dobroj namjeri i ne mo\u017ee se smatrati odgovornim za sadr\u017eaje izvan portala. Za\u0161tita privatnosti OrtoSar.ba \u0161titi privatnost korisnika u najve\u0107oj mogu\u0107oj mjeri. OrtoSar.ba se obavezuje da \u0107e u dobroj namjeri koristiti podatke dobijene od korisnika tokom kori\u0161tenja portala, te da privatne podatke ne\u0107e distribuirati niti prodavati tre\u0107oj strani, osim uz dozvolu korisnika. OrtoSar.ba mo\u017ee u skladu sa zakonom prikupljati odre\u0111ene podatke o korisnicima dobijene tokom kori\u0161tenja portala (isklju\u010divo podaci o ra\u010dunaru i podaci o Internet provideru) ili podatke une\u0161ene u postupku registracije. Ove podatke OrtoSar.ba koristi kako bi imao informacije o korisnicima koji ga koriste, te na taj na\u010din pobolj\u0161ao servis i njegove sadr\u017eaje dodatno usmjerio i prilagodio publici koja ga posje\u0107uje. Na temelju tih podataka saznajemo koji su sadr\u017eaji najpopularniji me\u0111u kojom publikom. Prikupljanje podataka ovog tipa u ovom ili ve\u0107em obimu uobi\u010dajeno je, i njime se koriste i poznati svjetski web siteovi poput MSN-a, Googlea itd. OrtoSar obavezuje se da prikupljene privatne podatke poput e-mail adrese, imena i prezimena ne\u0107e bez dozvole svakog pojedina\u010dnog korisnika prodavati niti distribuirati, osim demografskih podataka za skupinu korisnika bez odavanja privatnih podataka. OrtoSar.ba se obavezuje da \u0107e \u010duvati privatnost korisnika portala, osim u slu\u010daju te\u0161kog kr\u0161enja pravila OrtoSar.ba ili nezakonitih aktivnosti korisnika. Poruke OrtoSar.ba i sponzora OrtoSar.ba svojim korisnicima mo\u017ee povremeno poslati obavijesti OrtoSar.ba i sponzora. Promjena pravila OrtoSar.ba zadr\u017eava pravo da bez najave povremeno promijeni ili modificira pravila.&nbsp;O va\u017enim promjenama i dopunama OrtoSar.ba mo\u017ee obavijestiti korisnike putem maila ili objavljivanjem na sajtu.","og_url":"https:\/\/ortosar.ba\/en\/uslovi-koristenja\/","og_site_name":"Ortosar","article_modified_time":"2024-09-15T15:05:17+00:00","twitter_card":"summary_large_image","twitter_misc":{"Est. reading time":"3 minutes"},"schema":{"@context":"https:\/\/schema.org","@graph":[{"@type":"WebPage","@id":"https:\/\/ortosar.ba\/uslovi-koristenja\/","url":"https:\/\/ortosar.ba\/uslovi-koristenja\/","name":"Uslovi kori\u0161tenja - Ortosar","isPartOf":{"@id":"https:\/\/ortosar.ba\/#website"},"datePublished":"2024-09-15T14:59:19+00:00","dateModified":"2024-09-15T15:05:17+00:00","breadcrumb":{"@id":"https:\/\/ortosar.ba\/uslovi-koristenja\/#breadcrumb"},"inLanguage":"en-US","potentialAction":[{"@type":"ReadAction","target":["https:\/\/ortosar.ba\/uslovi-koristenja\/"]}]},{"@type":"BreadcrumbList","@id":"https:\/\/ortosar.ba\/uslovi-koristenja\/#breadcrumb","itemListElement":[{"@type":"ListItem","position":1,"name":"Home","item":"https:\/\/ortosar.ba\/"},{"@type":"ListItem","position":2,"name":"Uslovi kori\u0161tenja"}]},{"@type":"WebSite","@id":"https:\/\/ortosar.ba\/#website","url":"https:\/\/ortosar.ba\/","name":"Ortosar","description":"","publisher":{"@id":"https:\/\/ortosar.ba\/#organization"},"potentialAction":[{"@type":"SearchAction","target":{"@type":"EntryPoint","urlTemplate":"https:\/\/ortosar.ba\/?s={search_term_string}"},"query-input":{"@type":"PropertyValueSpecification","valueRequired":true,"valueName":"search_term_string"}}],"inLanguage":"en-US"},{"@type":"Organization","@id":"https:\/\/ortosar.ba\/#organization","name":"Ortosar","url":"https:\/\/ortosar.ba\/","logo":{"@type":"ImageObject","inLanguage":"en-US","@id":"https:\/\/ortosar.ba\/#\/schema\/logo\/image\/","url":"https:\/\/ortosar.ba\/wp-content\/uploads\/2024\/03\/Ortosar-logo.png","contentUrl":"https:\/\/ortosar.ba\/wp-content\/uploads\/2024\/03\/Ortosar-logo.png","width":260,"height":87,"caption":"Ortosar"},"image":{"@id":"https:\/\/ortosar.ba\/#\/schema\/logo\/image\/"}}]}},"_links":{"self":[{"href":"https:\/\/ortosar.ba\/en\/wp-json\/wp\/v2\/pages\/2587","targetHints":{"allow":["GET"]}}],"collection":[{"href":"https:\/\/ortosar.ba\/en\/wp-json\/wp\/v2\/pages"}],"about":[{"href":"https:\/\/ortosar.ba\/en\/wp-json\/wp\/v2\/types\/page"}],"author":[{"embeddable":true,"href":"https:\/\/ortosar.ba\/en\/wp-json\/wp\/v2\/users\/1"}],"replies":[{"embeddable":true,"href":"https:\/\/ortosar.ba\/en\/wp-json\/wp\/v2\/comments?post=2587"}],"version-history":[{"count":10,"href":"https:\/\/ortosar.ba\/en\/wp-json\/wp\/v2\/pages\/2587\/revisions"}],"predecessor-version":[{"id":2601,"href":"https:\/\/ortosar.ba\/en\/wp-json\/wp\/v2\/pages\/2587\/revisions\/2601"}],"wp:attachment":[{"href":"https:\/\/ortosar.ba\/en\/wp-json\/wp\/v2\/media?parent=2587"}],"curies":[{"name":"wp","href":"https:\/\/api.w.org\/{rel}","templated":true}]}}