{"id":857,"date":"2024-07-09T09:00:47","date_gmt":"2024-07-09T09:00:47","guid":{"rendered":"https:\/\/wordpress-575941-4349976.cloudwaysapps.com\/?page_id=857"},"modified":"2024-07-09T09:15:57","modified_gmt":"2024-07-09T09:15:57","slug":"test-blog-archive","status":"publish","type":"page","link":"https:\/\/ortosar.ba\/en\/test-blog-archive\/","title":{"rendered":"Test Blog Archive"},"content":{"rendered":"<ul>\n<li>All Posts<em><\/em><\/li>\n<li>Uncategorized<em><\/em><\/li>\n<\/ul>\n<section data-settings=\"{&quot;layout&quot;:&quot;fitRows&quot;,&quot;stick_last_element_to_bottom&quot;:&quot;yes&quot;,&quot;columns_desktop&quot;:3,&quot;gutter_hr&quot;:15,&quot;gutter_hr_mobile&quot;:15,&quot;gutter_hr_mobile_extra&quot;:15,&quot;gutter_hr_tablet&quot;:15,&quot;gutter_hr_tablet_extra&quot;:15,&quot;gutter_hr_laptop&quot;:15,&quot;gutter_hr_widescreen&quot;:15,&quot;gutter_vr&quot;:15,&quot;gutter_vr_mobile&quot;:15,&quot;gutter_vr_mobile_extra&quot;:15,&quot;gutter_vr_tablet&quot;:15,&quot;gutter_vr_tablet_extra&quot;:15,&quot;gutter_vr_laptop&quot;:15,&quot;gutter_vr_widescreen&quot;:15,&quot;animation&quot;:&quot;default&quot;,&quot;animation_duration&quot;:0.3,&quot;animation_delay&quot;:0.1,&quot;deeplinking&quot;:&quot;&quot;,&quot;filters_linkable&quot;:&quot;no&quot;,&quot;filters_default_filter&quot;:&quot;&quot;,&quot;filters_count&quot;:&quot;&quot;,&quot;filters_hide_empty&quot;:&quot;&quot;,&quot;filters_animation&quot;:&quot;default&quot;,&quot;filters_animation_duration&quot;:0.3,&quot;filters_animation_delay&quot;:0.1,&quot;pagination_type&quot;:&quot;load-more&quot;,&quot;pagination_max_pages&quot;:1,&quot;lightbox&quot;:{&quot;selector&quot;:&quot;.wpr-grid-image-wrap&quot;,&quot;iframeMaxWidth&quot;:&quot;60%&quot;,&quot;hash&quot;:false,&quot;autoplay&quot;:&quot;true&quot;,&quot;pause&quot;:5000,&quot;progressBar&quot;:&quot;true&quot;,&quot;counter&quot;:&quot;true&quot;,&quot;controls&quot;:&quot;true&quot;,&quot;getCaptionFromTitleOrAlt&quot;:&quot;true&quot;,&quot;thumbnail&quot;:&quot;&quot;,&quot;showThumbByDefault&quot;:&quot;&quot;,&quot;share&quot;:&quot;&quot;,&quot;zoom&quot;:&quot;true&quot;,&quot;fullScreen&quot;:&quot;true&quot;,&quot;download&quot;:&quot;true&quot;}}\">\n<article><img decoding=\"async\" data-no-lazy=\"1\" src=\"https:\/\/ortosar.ba\/wp-content\/uploads\/2024\/07\/Slika-1.jpg\" alt=\"ReWalk 6.0 Egzoskeleton\"><\/p>\n<h2><a target=\"_self\" href=\"https:\/\/ortosar.ba\/en\/?p=851\" rel=\"noopener\">ReWalk 6.0 Exoskeleton<\/a><\/h2>\n<p>July 9, 2024\/<\/p>\n<p>SVAKOJ\u00a0 OSOBI SA INVALIDITETOM TREBA\u00a0 OMOGU\u0106ITI USLUGE I URE\u0110AJE KOJI \u0106E IM OLAK\u0160ATI SVAKODNEVNI \u017dIVOT I OMOGU\u0106ITI AKTIVNO SUDJELOVANJE U&hellip;<\/p>\n<p><a target=\"_self\" href=\"https:\/\/ortosar.ba\/en\/?p=851\" rel=\"noopener\">Pro\u010ditaj vi\u0161e<svg aria-hidden=\"true\" viewbox=\"0 0 512 512\" xmlns=\"http:\/\/www.w3.org\/2000\/svg\"><path d=\"M505 442.7L405.3 343c-4.5-4.5-10.6-7-17-7H372c27.6-35.3 44-79.7 44-128C416 93.1 322.9 0 208 0S0 93.1 0 208s93.1 208 208 208c48.3 0 92.7-16.4 128-44v16.3c0 6.4 2.5 12.5 7 17l99.7 99.7c9.4 9.4 24.6 9.4 33.9 0l28.3-28.3c9.4-9.4 9.4-24.6.1-34zM208 336c-70.7 0-128-57.2-128-128 0-70.7 57.2-128 128-128 70.7 0 128 57.2 128 128 0 70.7-57.2 128-128 128z\"><\/path><\/svg><\/a><\/article>\n<\/section>","protected":false},"excerpt":{"rendered":"<p>All Posts Uncategorized ReWalk 6.0 Egzoskeleton July 9, 2024\/ SVAKOJ\u00a0 OSOBI SA INVALIDITETOM TREBA\u00a0 OMOGU\u0106ITI USLUGE I URE\u0110AJE KOJI \u0106E IM OLAK\u0160ATI SVAKODNEVNI \u017dIVOT I OMOGU\u0106ITI AKTIVNO SUDJELOVANJE U&hellip; Pro\u010ditaj vi\u0161e<\/p>","protected":false},"author":1,"featured_media":0,"parent":0,"menu_order":0,"comment_status":"closed","ping_status":"closed","template":"","meta":{"site-sidebar-layout":"no-sidebar","site-content-layout":"","ast-site-content-layout":"full-width-container","site-content-style":"default","site-sidebar-style":"default","ast-global-header-display":"","ast-banner-title-visibility":"","ast-main-header-display":"","ast-hfb-above-header-display":"","ast-hfb-below-header-display":"","ast-hfb-mobile-header-display":"","site-post-title":"disabled","ast-breadcrumbs-content":"","ast-featured-img":"disabled","footer-sml-layout":"","theme-transparent-header-meta":"","adv-header-id-meta":"","stick-header-meta":"","header-above-stick-meta":"","header-main-stick-meta":"","header-below-stick-meta":"","astra-migrate-meta-layouts":"default","ast-page-background-enabled":"default","ast-page-background-meta":{"desktop":{"background-color":"var(--ast-global-color-4)","background-image":"","background-repeat":"repeat","background-position":"center center","background-size":"auto","background-attachment":"scroll","background-type":"","background-media":"","overlay-type":"","overlay-color":"","overlay-gradient":""},"tablet":{"background-color":"","background-image":"","background-repeat":"repeat","background-position":"center center","background-size":"auto","background-attachment":"scroll","background-type":"","background-media":"","overlay-type":"","overlay-color":"","overlay-gradient":""},"mobile":{"background-color":"","background-image":"","background-repeat":"repeat","background-position":"center center","background-size":"auto","background-attachment":"scroll","background-type":"","background-media":"","overlay-type":"","overlay-color":"","overlay-gradient":""}},"ast-content-background-meta":{"desktop":{"background-color":"var(--ast-global-color-5)","background-image":"","background-repeat":"repeat","background-position":"center center","background-size":"auto","background-attachment":"scroll","background-type":"","background-media":"","overlay-type":"","overlay-color":"","overlay-gradient":""},"tablet":{"background-color":"var(--ast-global-color-5)","background-image":"","background-repeat":"repeat","background-position":"center center","background-size":"auto","background-attachment":"scroll","background-type":"","background-media":"","overlay-type":"","overlay-color":"","overlay-gradient":""},"mobile":{"background-color":"var(--ast-global-color-5)","background-image":"","background-repeat":"repeat","background-position":"center center","background-size":"auto","background-attachment":"scroll","background-type":"","background-media":"","overlay-type":"","overlay-color":"","overlay-gradient":""}},"footnotes":""},"class_list":["post-857","page","type-page","status-publish","hentry"],"yoast_head":"<!-- This site is optimized with the Yoast SEO plugin v23.6 - https:\/\/yoast.com\/wordpress\/plugins\/seo\/ -->\n<title>Test Blog Archive - Ortosar<\/title>\n<meta name=\"robots\" content=\"index, follow, max-snippet:-1, max-image-preview:large, max-video-preview:-1\" \/>\n<link rel=\"canonical\" href=\"https:\/\/ortosar.ba\/en\/test-blog-archive\/\" \/>\n<meta property=\"og:locale\" content=\"en_US\" \/>\n<meta property=\"og:type\" content=\"article\" \/>\n<meta property=\"og:title\" content=\"Test Blog Archive - Ortosar\" \/>\n<meta property=\"og:description\" content=\"All Posts Uncategorized ReWalk 6.0 Egzoskeleton July 9, 2024\/ SVAKOJ\u00a0 OSOBI SA INVALIDITETOM TREBA\u00a0 OMOGU\u0106ITI USLUGE I URE\u0110AJE KOJI \u0106E IM OLAK\u0160ATI SVAKODNEVNI \u017dIVOT I OMOGU\u0106ITI AKTIVNO SUDJELOVANJE U&hellip; Pro\u010ditaj vi\u0161e\" \/>\n<meta property=\"og:url\" content=\"https:\/\/ortosar.ba\/en\/test-blog-archive\/\" \/>\n<meta property=\"og:site_name\" content=\"Ortosar\" \/>\n<meta property=\"article:modified_time\" content=\"2024-07-09T09:15:57+00:00\" \/>\n<meta property=\"og:image\" content=\"https:\/\/ortosar.ba\/wp-content\/uploads\/2024\/07\/Slika-1.jpg\" \/>\n<meta name=\"twitter:card\" content=\"summary_large_image\" \/>\n<script type=\"application\/ld+json\" class=\"yoast-schema-graph\">{\"@context\":\"https:\/\/schema.org\",\"@graph\":[{\"@type\":\"WebPage\",\"@id\":\"https:\/\/ortosar.ba\/test-blog-archive\/\",\"url\":\"https:\/\/ortosar.ba\/test-blog-archive\/\",\"name\":\"Test Blog Archive - Ortosar\",\"isPartOf\":{\"@id\":\"https:\/\/ortosar.ba\/#website\"},\"primaryImageOfPage\":{\"@id\":\"https:\/\/ortosar.ba\/test-blog-archive\/#primaryimage\"},\"image\":{\"@id\":\"https:\/\/ortosar.ba\/test-blog-archive\/#primaryimage\"},\"thumbnailUrl\":\"https:\/\/ortosar.ba\/wp-content\/uploads\/2024\/07\/Slika-1.jpg\",\"datePublished\":\"2024-07-09T09:00:47+00:00\",\"dateModified\":\"2024-07-09T09:15:57+00:00\",\"breadcrumb\":{\"@id\":\"https:\/\/ortosar.ba\/test-blog-archive\/#breadcrumb\"},\"inLanguage\":\"en-US\",\"potentialAction\":[{\"@type\":\"ReadAction\",\"target\":[\"https:\/\/ortosar.ba\/test-blog-archive\/\"]}]},{\"@type\":\"ImageObject\",\"inLanguage\":\"en-US\",\"@id\":\"https:\/\/ortosar.ba\/test-blog-archive\/#primaryimage\",\"url\":\"https:\/\/ortosar.ba\/wp-content\/uploads\/2024\/07\/Slika-1.jpg\",\"contentUrl\":\"https:\/\/ortosar.ba\/wp-content\/uploads\/2024\/07\/Slika-1.jpg\"},{\"@type\":\"BreadcrumbList\",\"@id\":\"https:\/\/ortosar.ba\/test-blog-archive\/#breadcrumb\",\"itemListElement\":[{\"@type\":\"ListItem\",\"position\":1,\"name\":\"Home\",\"item\":\"https:\/\/ortosar.ba\/\"},{\"@type\":\"ListItem\",\"position\":2,\"name\":\"Test Blog Archive\"}]},{\"@type\":\"WebSite\",\"@id\":\"https:\/\/ortosar.ba\/#website\",\"url\":\"https:\/\/ortosar.ba\/\",\"name\":\"Ortosar\",\"description\":\"\",\"publisher\":{\"@id\":\"https:\/\/ortosar.ba\/#organization\"},\"potentialAction\":[{\"@type\":\"SearchAction\",\"target\":{\"@type\":\"EntryPoint\",\"urlTemplate\":\"https:\/\/ortosar.ba\/?s={search_term_string}\"},\"query-input\":{\"@type\":\"PropertyValueSpecification\",\"valueRequired\":true,\"valueName\":\"search_term_string\"}}],\"inLanguage\":\"en-US\"},{\"@type\":\"Organization\",\"@id\":\"https:\/\/ortosar.ba\/#organization\",\"name\":\"Ortosar\",\"url\":\"https:\/\/ortosar.ba\/\",\"logo\":{\"@type\":\"ImageObject\",\"inLanguage\":\"en-US\",\"@id\":\"https:\/\/ortosar.ba\/#\/schema\/logo\/image\/\",\"url\":\"https:\/\/ortosar.ba\/wp-content\/uploads\/2024\/03\/Ortosar-logo.png\",\"contentUrl\":\"https:\/\/ortosar.ba\/wp-content\/uploads\/2024\/03\/Ortosar-logo.png\",\"width\":260,\"height\":87,\"caption\":\"Ortosar\"},\"image\":{\"@id\":\"https:\/\/ortosar.ba\/#\/schema\/logo\/image\/\"}}]}<\/script>\n<!-- \/ Yoast SEO plugin. -->","yoast_head_json":{"title":"Test Blog Archive - Ortosar","robots":{"index":"index","follow":"follow","max-snippet":"max-snippet:-1","max-image-preview":"max-image-preview:large","max-video-preview":"max-video-preview:-1"},"canonical":"https:\/\/ortosar.ba\/en\/test-blog-archive\/","og_locale":"en_US","og_type":"article","og_title":"Test Blog Archive - Ortosar","og_description":"All Posts Uncategorized ReWalk 6.0 Egzoskeleton July 9, 2024\/ SVAKOJ\u00a0 OSOBI SA INVALIDITETOM TREBA\u00a0 OMOGU\u0106ITI USLUGE I URE\u0110AJE KOJI \u0106E IM OLAK\u0160ATI SVAKODNEVNI \u017dIVOT I OMOGU\u0106ITI AKTIVNO SUDJELOVANJE U&hellip; Pro\u010ditaj vi\u0161e","og_url":"https:\/\/ortosar.ba\/en\/test-blog-archive\/","og_site_name":"Ortosar","article_modified_time":"2024-07-09T09:15:57+00:00","og_image":[{"url":"https:\/\/ortosar.ba\/wp-content\/uploads\/2024\/07\/Slika-1.jpg"}],"twitter_card":"summary_large_image","schema":{"@context":"https:\/\/schema.org","@graph":[{"@type":"WebPage","@id":"https:\/\/ortosar.ba\/test-blog-archive\/","url":"https:\/\/ortosar.ba\/test-blog-archive\/","name":"Test Blog Archive - Ortosar","isPartOf":{"@id":"https:\/\/ortosar.ba\/#website"},"primaryImageOfPage":{"@id":"https:\/\/ortosar.ba\/test-blog-archive\/#primaryimage"},"image":{"@id":"https:\/\/ortosar.ba\/test-blog-archive\/#primaryimage"},"thumbnailUrl":"https:\/\/ortosar.ba\/wp-content\/uploads\/2024\/07\/Slika-1.jpg","datePublished":"2024-07-09T09:00:47+00:00","dateModified":"2024-07-09T09:15:57+00:00","breadcrumb":{"@id":"https:\/\/ortosar.ba\/test-blog-archive\/#breadcrumb"},"inLanguage":"en-US","potentialAction":[{"@type":"ReadAction","target":["https:\/\/ortosar.ba\/test-blog-archive\/"]}]},{"@type":"ImageObject","inLanguage":"en-US","@id":"https:\/\/ortosar.ba\/test-blog-archive\/#primaryimage","url":"https:\/\/ortosar.ba\/wp-content\/uploads\/2024\/07\/Slika-1.jpg","contentUrl":"https:\/\/ortosar.ba\/wp-content\/uploads\/2024\/07\/Slika-1.jpg"},{"@type":"BreadcrumbList","@id":"https:\/\/ortosar.ba\/test-blog-archive\/#breadcrumb","itemListElement":[{"@type":"ListItem","position":1,"name":"Home","item":"https:\/\/ortosar.ba\/"},{"@type":"ListItem","position":2,"name":"Test Blog Archive"}]},{"@type":"WebSite","@id":"https:\/\/ortosar.ba\/#website","url":"https:\/\/ortosar.ba\/","name":"Ortosar","description":"","publisher":{"@id":"https:\/\/ortosar.ba\/#organization"},"potentialAction":[{"@type":"SearchAction","target":{"@type":"EntryPoint","urlTemplate":"https:\/\/ortosar.ba\/?s={search_term_string}"},"query-input":{"@type":"PropertyValueSpecification","valueRequired":true,"valueName":"search_term_string"}}],"inLanguage":"en-US"},{"@type":"Organization","@id":"https:\/\/ortosar.ba\/#organization","name":"Ortosar","url":"https:\/\/ortosar.ba\/","logo":{"@type":"ImageObject","inLanguage":"en-US","@id":"https:\/\/ortosar.ba\/#\/schema\/logo\/image\/","url":"https:\/\/ortosar.ba\/wp-content\/uploads\/2024\/03\/Ortosar-logo.png","contentUrl":"https:\/\/ortosar.ba\/wp-content\/uploads\/2024\/03\/Ortosar-logo.png","width":260,"height":87,"caption":"Ortosar"},"image":{"@id":"https:\/\/ortosar.ba\/#\/schema\/logo\/image\/"}}]}},"_links":{"self":[{"href":"https:\/\/ortosar.ba\/en\/wp-json\/wp\/v2\/pages\/857","targetHints":{"allow":["GET"]}}],"collection":[{"href":"https:\/\/ortosar.ba\/en\/wp-json\/wp\/v2\/pages"}],"about":[{"href":"https:\/\/ortosar.ba\/en\/wp-json\/wp\/v2\/types\/page"}],"author":[{"embeddable":true,"href":"https:\/\/ortosar.ba\/en\/wp-json\/wp\/v2\/users\/1"}],"replies":[{"embeddable":true,"href":"https:\/\/ortosar.ba\/en\/wp-json\/wp\/v2\/comments?post=857"}],"version-history":[{"count":7,"href":"https:\/\/ortosar.ba\/en\/wp-json\/wp\/v2\/pages\/857\/revisions"}],"predecessor-version":[{"id":864,"href":"https:\/\/ortosar.ba\/en\/wp-json\/wp\/v2\/pages\/857\/revisions\/864"}],"wp:attachment":[{"href":"https:\/\/ortosar.ba\/en\/wp-json\/wp\/v2\/media?parent=857"}],"curies":[{"name":"wp","href":"https:\/\/api.w.org\/{rel}","templated":true}]}}